{"id":1269,"date":"2024-07-30T10:55:56","date_gmt":"2024-07-30T08:55:56","guid":{"rendered":"https:\/\/cp33msbjmvs.preview.infomaniak.website\/?post_type=product&#038;p=1269"},"modified":"2024-11-26T14:11:46","modified_gmt":"2024-11-26T13:11:46","slug":"exemple-de-produit-5","status":"publish","type":"product","link":"https:\/\/www.naturemweltasbl.lu\/de\/produkt\/exemple-de-produit-5\/","title":{"rendered":"S\u00e4ugetiere Luxemburgs"},"content":{"rendered":"<div id=\"product-13852\" class=\"product type-product post-13852 status-publish first instock product_cat-livres has-post-thumbnail shipping-taxable purchasable product-type-simple\">\n<div class=\"summary entry-summary\">\n<div>\n<p style=\"text-align: left;\">217 Seiten<\/p>\n<p style=\"text-align: left;\">Hardcover<\/p>\n<p>Beschreibung aller in Luxemburg vorkommenden S\u00e4ugetierarten von Laurent Schley u. Jan Herr<\/p>\n<p style=\"text-align: left;\">\n<\/div>\n<\/div>\n<\/div>\n<section class=\"related products\">\n<h2><\/h2>\n<\/section>\n<p>&nbsp;<\/p>\n<div class=\"sm:hidden lg:flex flex-col gap-4 col-span-12 lg:col-span-3 lg:col-start-10 mt-4 lg:mt-12\">\n<div class=\"hidden lg:flex flex-col gap-2 px-6 pt-6 pb-5 border border-neutral-800 rounded-2xl\"><\/div>\n<\/div>\n<p>&nbsp;<\/p>\n","protected":false},"excerpt":{"rendered":"<p>217 Seiten Hardcover Beschreibung aller in Luxemburg vorkommenden S\u00e4ugetierarten von [&#8230;]<\/p>\n","protected":false},"featured_media":2785,"template":"","meta":[],"product_brand":[],"product_cat":[229],"product_tag":[],"class_list":{"0":"post-1269","1":"product","2":"type-product","3":"status-publish","4":"has-post-thumbnail","6":"product_cat-livre","8":"first","9":"instock","10":"shipping-taxable","11":"purchasable","12":"product-type-simple"},"yoast_head":"<!-- This site is optimized with the Yoast SEO plugin v27.3 - https:\/\/yoast.com\/product\/yoast-seo-wordpress\/ -->\n<title>S\u00e4ugetiere Luxemburgs - natur&amp;\u00ebmwelt a.s.b.l.<\/title>\n<meta name=\"robots\" content=\"index, follow, max-snippet:-1, max-image-preview:large, max-video-preview:-1\" \/>\n<link rel=\"canonical\" href=\"https:\/\/www.naturemweltasbl.lu\/produit\/exemple-de-produit-5\/\" \/>\n<meta property=\"og:locale\" content=\"de_DE\" \/>\n<meta property=\"og:type\" content=\"article\" \/>\n<meta property=\"og:title\" content=\"S\u00e4ugetiere Luxemburgs - natur&amp;\u00ebmwelt a.s.b.l.\" \/>\n<meta property=\"og:description\" content=\"217 Seiten Hardcover Beschreibung aller in Luxemburg vorkommenden S\u00e4ugetierarten von [...]\" \/>\n<meta property=\"og:url\" content=\"https:\/\/www.naturemweltasbl.lu\/produit\/exemple-de-produit-5\/\" \/>\n<meta property=\"og:site_name\" content=\"natur&amp;\u00ebmwelt a.s.b.l.\" \/>\n<meta property=\"article:publisher\" content=\"https:\/\/www.facebook.com\/naturemwelt\/\" \/>\n<meta property=\"article:modified_time\" content=\"2024-11-26T13:11:46+00:00\" \/>\n<meta property=\"og:image\" content=\"https:\/\/www.naturemweltasbl.lu\/wp-content\/uploads\/2024\/07\/SaeugetiereLux_cover.jpg\" \/>\n\t<meta property=\"og:image:width\" content=\"600\" \/>\n\t<meta property=\"og:image:height\" content=\"600\" \/>\n\t<meta property=\"og:image:type\" content=\"image\/jpeg\" \/>\n<meta name=\"twitter:card\" content=\"summary_large_image\" \/>\n<meta name=\"twitter:site\" content=\"@Natur_an_Emwelt\" \/>\n<meta name=\"twitter:label1\" content=\"Gesch\u00e4tzte Lesezeit\" \/>\n\t<meta name=\"twitter:data1\" content=\"1\u00a0Minute\" \/>\n<script type=\"application\/ld+json\" class=\"yoast-schema-graph\">{\"@context\":\"https:\\\/\\\/schema.org\",\"@graph\":[{\"@type\":\"WebPage\",\"@id\":\"https:\\\/\\\/www.naturemweltasbl.lu\\\/produit\\\/exemple-de-produit-5\\\/\",\"url\":\"https:\\\/\\\/www.naturemweltasbl.lu\\\/produit\\\/exemple-de-produit-5\\\/\",\"name\":\"S\u00e4ugetiere Luxemburgs - natur&amp;\u00ebmwelt a.s.b.l.\",\"isPartOf\":{\"@id\":\"https:\\\/\\\/www.naturemweltasbl.lu\\\/#website\"},\"primaryImageOfPage\":{\"@id\":\"https:\\\/\\\/www.naturemweltasbl.lu\\\/produit\\\/exemple-de-produit-5\\\/#primaryimage\"},\"image\":{\"@id\":\"https:\\\/\\\/www.naturemweltasbl.lu\\\/produit\\\/exemple-de-produit-5\\\/#primaryimage\"},\"thumbnailUrl\":\"https:\\\/\\\/www.naturemweltasbl.lu\\\/wp-content\\\/uploads\\\/2024\\\/07\\\/SaeugetiereLux_cover.jpg\",\"datePublished\":\"2024-07-30T08:55:56+00:00\",\"dateModified\":\"2024-11-26T13:11:46+00:00\",\"breadcrumb\":{\"@id\":\"https:\\\/\\\/www.naturemweltasbl.lu\\\/produit\\\/exemple-de-produit-5\\\/#breadcrumb\"},\"inLanguage\":\"de\",\"potentialAction\":[{\"@type\":\"ReadAction\",\"target\":[\"https:\\\/\\\/www.naturemweltasbl.lu\\\/produit\\\/exemple-de-produit-5\\\/\"]}]},{\"@type\":\"ImageObject\",\"inLanguage\":\"de\",\"@id\":\"https:\\\/\\\/www.naturemweltasbl.lu\\\/produit\\\/exemple-de-produit-5\\\/#primaryimage\",\"url\":\"https:\\\/\\\/www.naturemweltasbl.lu\\\/wp-content\\\/uploads\\\/2024\\\/07\\\/SaeugetiereLux_cover.jpg\",\"contentUrl\":\"https:\\\/\\\/www.naturemweltasbl.lu\\\/wp-content\\\/uploads\\\/2024\\\/07\\\/SaeugetiereLux_cover.jpg\",\"width\":600,\"height\":600},{\"@type\":\"BreadcrumbList\",\"@id\":\"https:\\\/\\\/www.naturemweltasbl.lu\\\/produit\\\/exemple-de-produit-5\\\/#breadcrumb\",\"itemListElement\":[{\"@type\":\"ListItem\",\"position\":1,\"name\":\"Startseite\",\"item\":\"https:\\\/\\\/www.naturemweltasbl.lu\\\/de\\\/\"},{\"@type\":\"ListItem\",\"position\":2,\"name\":\"Shop\",\"item\":\"https:\\\/\\\/www.naturemweltasbl.lu\\\/boutique\\\/\"},{\"@type\":\"ListItem\",\"position\":3,\"name\":\"S\u00e4ugetiere Luxemburgs\"}]},{\"@type\":\"WebSite\",\"@id\":\"https:\\\/\\\/www.naturemweltasbl.lu\\\/#website\",\"url\":\"https:\\\/\\\/www.naturemweltasbl.lu\\\/\",\"name\":\"natur&\u00ebmwelt a.s.b.l.\",\"description\":\"\",\"publisher\":{\"@id\":\"https:\\\/\\\/www.naturemweltasbl.lu\\\/#organization\"},\"potentialAction\":[{\"@type\":\"SearchAction\",\"target\":{\"@type\":\"EntryPoint\",\"urlTemplate\":\"https:\\\/\\\/www.naturemweltasbl.lu\\\/?s={search_term_string}\"},\"query-input\":{\"@type\":\"PropertyValueSpecification\",\"valueRequired\":true,\"valueName\":\"search_term_string\"}}],\"inLanguage\":\"de\"},{\"@type\":\"Organization\",\"@id\":\"https:\\\/\\\/www.naturemweltasbl.lu\\\/#organization\",\"name\":\"natur&\u00ebmwelt a.s.b.l.\",\"url\":\"https:\\\/\\\/www.naturemweltasbl.lu\\\/\",\"logo\":{\"@type\":\"ImageObject\",\"inLanguage\":\"de\",\"@id\":\"https:\\\/\\\/www.naturemweltasbl.lu\\\/#\\\/schema\\\/logo\\\/image\\\/\",\"url\":\"https:\\\/\\\/www.naturemweltasbl.lu\\\/wp-content\\\/uploads\\\/2024\\\/07\\\/NE_Logo_asbl_RGB-e1720014142276.png\",\"contentUrl\":\"https:\\\/\\\/www.naturemweltasbl.lu\\\/wp-content\\\/uploads\\\/2024\\\/07\\\/NE_Logo_asbl_RGB-e1720014142276.png\",\"width\":432,\"height\":254,\"caption\":\"natur&\u00ebmwelt a.s.b.l.\"},\"image\":{\"@id\":\"https:\\\/\\\/www.naturemweltasbl.lu\\\/#\\\/schema\\\/logo\\\/image\\\/\"},\"sameAs\":[\"https:\\\/\\\/www.facebook.com\\\/naturemwelt\\\/\",\"https:\\\/\\\/x.com\\\/Natur_an_Emwelt\",\"https:\\\/\\\/www.instagram.com\\\/naturemwelt\\\/\",\"https:\\\/\\\/www.youtube.com\\\/user\\\/naturemwelt\",\"https:\\\/\\\/lu.linkedin.com\\\/company\\\/naturemweltasbl?trk=similar-pages\"]}]}<\/script>\n<!-- \/ Yoast SEO plugin. -->","yoast_head_json":{"title":"S\u00e4ugetiere Luxemburgs - natur&amp;\u00ebmwelt a.s.b.l.","robots":{"index":"index","follow":"follow","max-snippet":"max-snippet:-1","max-image-preview":"max-image-preview:large","max-video-preview":"max-video-preview:-1"},"canonical":"https:\/\/www.naturemweltasbl.lu\/produit\/exemple-de-produit-5\/","og_locale":"de_DE","og_type":"article","og_title":"S\u00e4ugetiere Luxemburgs - natur&amp;\u00ebmwelt a.s.b.l.","og_description":"217 Seiten Hardcover Beschreibung aller in Luxemburg vorkommenden S\u00e4ugetierarten von [...]","og_url":"https:\/\/www.naturemweltasbl.lu\/produit\/exemple-de-produit-5\/","og_site_name":"natur&amp;\u00ebmwelt a.s.b.l.","article_publisher":"https:\/\/www.facebook.com\/naturemwelt\/","article_modified_time":"2024-11-26T13:11:46+00:00","og_image":[{"width":600,"height":600,"url":"https:\/\/www.naturemweltasbl.lu\/wp-content\/uploads\/2024\/07\/SaeugetiereLux_cover.jpg","type":"image\/jpeg"}],"twitter_card":"summary_large_image","twitter_site":"@Natur_an_Emwelt","twitter_misc":{"Gesch\u00e4tzte Lesezeit":"1\u00a0Minute"},"schema":{"@context":"https:\/\/schema.org","@graph":[{"@type":"WebPage","@id":"https:\/\/www.naturemweltasbl.lu\/produit\/exemple-de-produit-5\/","url":"https:\/\/www.naturemweltasbl.lu\/produit\/exemple-de-produit-5\/","name":"S\u00e4ugetiere Luxemburgs - natur&amp;\u00ebmwelt a.s.b.l.","isPartOf":{"@id":"https:\/\/www.naturemweltasbl.lu\/#website"},"primaryImageOfPage":{"@id":"https:\/\/www.naturemweltasbl.lu\/produit\/exemple-de-produit-5\/#primaryimage"},"image":{"@id":"https:\/\/www.naturemweltasbl.lu\/produit\/exemple-de-produit-5\/#primaryimage"},"thumbnailUrl":"https:\/\/www.naturemweltasbl.lu\/wp-content\/uploads\/2024\/07\/SaeugetiereLux_cover.jpg","datePublished":"2024-07-30T08:55:56+00:00","dateModified":"2024-11-26T13:11:46+00:00","breadcrumb":{"@id":"https:\/\/www.naturemweltasbl.lu\/produit\/exemple-de-produit-5\/#breadcrumb"},"inLanguage":"de","potentialAction":[{"@type":"ReadAction","target":["https:\/\/www.naturemweltasbl.lu\/produit\/exemple-de-produit-5\/"]}]},{"@type":"ImageObject","inLanguage":"de","@id":"https:\/\/www.naturemweltasbl.lu\/produit\/exemple-de-produit-5\/#primaryimage","url":"https:\/\/www.naturemweltasbl.lu\/wp-content\/uploads\/2024\/07\/SaeugetiereLux_cover.jpg","contentUrl":"https:\/\/www.naturemweltasbl.lu\/wp-content\/uploads\/2024\/07\/SaeugetiereLux_cover.jpg","width":600,"height":600},{"@type":"BreadcrumbList","@id":"https:\/\/www.naturemweltasbl.lu\/produit\/exemple-de-produit-5\/#breadcrumb","itemListElement":[{"@type":"ListItem","position":1,"name":"Startseite","item":"https:\/\/www.naturemweltasbl.lu\/de\/"},{"@type":"ListItem","position":2,"name":"Shop","item":"https:\/\/www.naturemweltasbl.lu\/boutique\/"},{"@type":"ListItem","position":3,"name":"S\u00e4ugetiere Luxemburgs"}]},{"@type":"WebSite","@id":"https:\/\/www.naturemweltasbl.lu\/#website","url":"https:\/\/www.naturemweltasbl.lu\/","name":"natur&\u00ebmwelt a.s.b.l.","description":"","publisher":{"@id":"https:\/\/www.naturemweltasbl.lu\/#organization"},"potentialAction":[{"@type":"SearchAction","target":{"@type":"EntryPoint","urlTemplate":"https:\/\/www.naturemweltasbl.lu\/?s={search_term_string}"},"query-input":{"@type":"PropertyValueSpecification","valueRequired":true,"valueName":"search_term_string"}}],"inLanguage":"de"},{"@type":"Organization","@id":"https:\/\/www.naturemweltasbl.lu\/#organization","name":"natur&\u00ebmwelt a.s.b.l.","url":"https:\/\/www.naturemweltasbl.lu\/","logo":{"@type":"ImageObject","inLanguage":"de","@id":"https:\/\/www.naturemweltasbl.lu\/#\/schema\/logo\/image\/","url":"https:\/\/www.naturemweltasbl.lu\/wp-content\/uploads\/2024\/07\/NE_Logo_asbl_RGB-e1720014142276.png","contentUrl":"https:\/\/www.naturemweltasbl.lu\/wp-content\/uploads\/2024\/07\/NE_Logo_asbl_RGB-e1720014142276.png","width":432,"height":254,"caption":"natur&\u00ebmwelt a.s.b.l."},"image":{"@id":"https:\/\/www.naturemweltasbl.lu\/#\/schema\/logo\/image\/"},"sameAs":["https:\/\/www.facebook.com\/naturemwelt\/","https:\/\/x.com\/Natur_an_Emwelt","https:\/\/www.instagram.com\/naturemwelt\/","https:\/\/www.youtube.com\/user\/naturemwelt","https:\/\/lu.linkedin.com\/company\/naturemweltasbl?trk=similar-pages"]}]}},"_links":{"self":[{"href":"https:\/\/www.naturemweltasbl.lu\/de\/wp-json\/wp\/v2\/product\/1269","targetHints":{"allow":["GET"]}}],"collection":[{"href":"https:\/\/www.naturemweltasbl.lu\/de\/wp-json\/wp\/v2\/product"}],"about":[{"href":"https:\/\/www.naturemweltasbl.lu\/de\/wp-json\/wp\/v2\/types\/product"}],"wp:featuredmedia":[{"embeddable":true,"href":"https:\/\/www.naturemweltasbl.lu\/de\/wp-json\/wp\/v2\/media\/2785"}],"wp:attachment":[{"href":"https:\/\/www.naturemweltasbl.lu\/de\/wp-json\/wp\/v2\/media?parent=1269"}],"wp:term":[{"taxonomy":"product_brand","embeddable":true,"href":"https:\/\/www.naturemweltasbl.lu\/de\/wp-json\/wp\/v2\/product_brand?post=1269"},{"taxonomy":"product_cat","embeddable":true,"href":"https:\/\/www.naturemweltasbl.lu\/de\/wp-json\/wp\/v2\/product_cat?post=1269"},{"taxonomy":"product_tag","embeddable":true,"href":"https:\/\/www.naturemweltasbl.lu\/de\/wp-json\/wp\/v2\/product_tag?post=1269"}],"curies":[{"name":"wp","href":"https:\/\/api.w.org\/{rel}","templated":true}]}}